{"id":873,"date":"2022-10-14T10:22:39","date_gmt":"2022-10-14T10:22:39","guid":{"rendered":"https:\/\/skyexplorer.pl\/?page_id=873"},"modified":"2022-10-14T10:22:39","modified_gmt":"2022-10-14T10:22:39","slug":"test","status":"publish","type":"page","link":"https:\/\/skyexplorer.pl\/en\/test\/","title":{"rendered":"test"},"content":{"rendered":"<p>test<\/p>","protected":false},"excerpt":{"rendered":"<p>test<\/p>","protected":false},"author":1,"featured_media":0,"parent":0,"menu_order":0,"comment_status":"closed","ping_status":"closed","template":"","meta":{"inline_featured_image":false,"_monsterinsights_skip_tracking":false,"_monsterinsights_sitenote_active":false,"_monsterinsights_sitenote_note":"","_monsterinsights_sitenote_category":0,"footnotes":""},"class_list":["post-873","page","type-page","status-publish","hentry"],"yoast_head":"<!-- This site is optimized with the Yoast SEO plugin v23.3 - https:\/\/yoast.com\/wordpress\/plugins\/seo\/ -->\n<title>test - Profesjonalne Fotografia i wideo z drona<\/title>\n<meta name=\"description\" content=\"Skyexplorer.pl tworzy zesp\u00f3\u0142 profesjonalist\u00f3w zajmuj\u0105cych si\u0119 fotografi\u0105 oraz filmowaniem od wielu lat. Niesamowite uj\u0119cia z drona, dba\u0142o\u015b\u0107 o ka\u017cdy detal w kadrze, p\u0142ynno\u015b\u0107 ruch\u00f3w kamery oraz pe\u0142ne po\u015bwi\u0119cenie temu, co robimy w danej chwili sprawi\u0142o, \u017ce gwarantujemy filmy i fotografie nieruchomo\u015bci z powietrza w najwy\u017cszej jako\u015bci.\" \/>\n<meta name=\"robots\" content=\"index, follow, max-snippet:-1, max-image-preview:large, max-video-preview:-1\" \/>\n<link rel=\"canonical\" href=\"https:\/\/skyexplorer.pl\/en\/test\/\" \/>\n<meta property=\"og:locale\" content=\"en_US\" \/>\n<meta property=\"og:type\" content=\"article\" \/>\n<meta property=\"og:title\" content=\"test - Profesjonalne Fotografia i wideo z drona\" \/>\n<meta property=\"og:description\" content=\"Skyexplorer.pl tworzy zesp\u00f3\u0142 profesjonalist\u00f3w zajmuj\u0105cych si\u0119 fotografi\u0105 oraz filmowaniem od wielu lat. Niesamowite uj\u0119cia z drona, dba\u0142o\u015b\u0107 o ka\u017cdy detal w kadrze, p\u0142ynno\u015b\u0107 ruch\u00f3w kamery oraz pe\u0142ne po\u015bwi\u0119cenie temu, co robimy w danej chwili sprawi\u0142o, \u017ce gwarantujemy filmy i fotografie nieruchomo\u015bci z powietrza w najwy\u017cszej jako\u015bci.\" \/>\n<meta property=\"og:url\" content=\"https:\/\/skyexplorer.pl\/en\/test\/\" \/>\n<meta property=\"og:site_name\" content=\"Profesjonalne Fotografia i wideo z drona\" \/>\n<meta name=\"twitter:card\" content=\"summary_large_image\" \/>\n<script type=\"application\/ld+json\" class=\"yoast-schema-graph\">{\"@context\":\"https:\/\/schema.org\",\"@graph\":[{\"@type\":\"WebPage\",\"@id\":\"https:\/\/skyexplorer.pl\/test\/\",\"url\":\"https:\/\/skyexplorer.pl\/test\/\",\"name\":\"test - Profesjonalne Fotografia i wideo z drona\",\"isPartOf\":{\"@id\":\"https:\/\/skyexplorer.pl\/#website\"},\"datePublished\":\"2022-10-14T10:22:39+00:00\",\"dateModified\":\"2022-10-14T10:22:39+00:00\",\"description\":\"Skyexplorer.pl tworzy zesp\u00f3\u0142 profesjonalist\u00f3w zajmuj\u0105cych si\u0119 fotografi\u0105 oraz filmowaniem od wielu lat. Niesamowite uj\u0119cia z drona, dba\u0142o\u015b\u0107 o ka\u017cdy detal w kadrze, p\u0142ynno\u015b\u0107 ruch\u00f3w kamery oraz pe\u0142ne po\u015bwi\u0119cenie temu, co robimy w danej chwili sprawi\u0142o, \u017ce gwarantujemy filmy i fotografie nieruchomo\u015bci z powietrza w najwy\u017cszej jako\u015bci.\",\"breadcrumb\":{\"@id\":\"https:\/\/skyexplorer.pl\/test\/#breadcrumb\"},\"inLanguage\":\"en-US\",\"potentialAction\":[{\"@type\":\"ReadAction\",\"target\":[\"https:\/\/skyexplorer.pl\/test\/\"]}]},{\"@type\":\"BreadcrumbList\",\"@id\":\"https:\/\/skyexplorer.pl\/test\/#breadcrumb\",\"itemListElement\":[{\"@type\":\"ListItem\",\"position\":1,\"name\":\"Strona g\u0142\u00f3wna\",\"item\":\"https:\/\/skyexplorer.pl\/\"},{\"@type\":\"ListItem\",\"position\":2,\"name\":\"test\"}]},{\"@type\":\"WebSite\",\"@id\":\"https:\/\/skyexplorer.pl\/#website\",\"url\":\"https:\/\/skyexplorer.pl\/\",\"name\":\"Profesjonalne Fotografia i wideo z drona\",\"description\":\"Z lotu ptaka \u2013 profesjonalna fotografia i wideo z drona\",\"potentialAction\":[{\"@type\":\"SearchAction\",\"target\":{\"@type\":\"EntryPoint\",\"urlTemplate\":\"https:\/\/skyexplorer.pl\/?s={search_term_string}\"},\"query-input\":\"required name=search_term_string\"}],\"inLanguage\":\"en-US\"}]}<\/script>\n<!-- \/ Yoast SEO plugin. -->","yoast_head_json":{"title":"test - Profesjonalne Fotografia i wideo z drona","description":"Skyexplorer.pl tworzy zesp\u00f3\u0142 profesjonalist\u00f3w zajmuj\u0105cych si\u0119 fotografi\u0105 oraz filmowaniem od wielu lat. Niesamowite uj\u0119cia z drona, dba\u0142o\u015b\u0107 o ka\u017cdy detal w kadrze, p\u0142ynno\u015b\u0107 ruch\u00f3w kamery oraz pe\u0142ne po\u015bwi\u0119cenie temu, co robimy w danej chwili sprawi\u0142o, \u017ce gwarantujemy filmy i fotografie nieruchomo\u015bci z powietrza w najwy\u017cszej jako\u015bci.","robots":{"index":"index","follow":"follow","max-snippet":"max-snippet:-1","max-image-preview":"max-image-preview:large","max-video-preview":"max-video-preview:-1"},"canonical":"https:\/\/skyexplorer.pl\/en\/test\/","og_locale":"en_US","og_type":"article","og_title":"test - Profesjonalne Fotografia i wideo z drona","og_description":"Skyexplorer.pl tworzy zesp\u00f3\u0142 profesjonalist\u00f3w zajmuj\u0105cych si\u0119 fotografi\u0105 oraz filmowaniem od wielu lat. Niesamowite uj\u0119cia z drona, dba\u0142o\u015b\u0107 o ka\u017cdy detal w kadrze, p\u0142ynno\u015b\u0107 ruch\u00f3w kamery oraz pe\u0142ne po\u015bwi\u0119cenie temu, co robimy w danej chwili sprawi\u0142o, \u017ce gwarantujemy filmy i fotografie nieruchomo\u015bci z powietrza w najwy\u017cszej jako\u015bci.","og_url":"https:\/\/skyexplorer.pl\/en\/test\/","og_site_name":"Profesjonalne Fotografia i wideo z drona","twitter_card":"summary_large_image","schema":{"@context":"https:\/\/schema.org","@graph":[{"@type":"WebPage","@id":"https:\/\/skyexplorer.pl\/test\/","url":"https:\/\/skyexplorer.pl\/test\/","name":"test - Profesjonalne Fotografia i wideo z drona","isPartOf":{"@id":"https:\/\/skyexplorer.pl\/#website"},"datePublished":"2022-10-14T10:22:39+00:00","dateModified":"2022-10-14T10:22:39+00:00","description":"Skyexplorer.pl tworzy zesp\u00f3\u0142 profesjonalist\u00f3w zajmuj\u0105cych si\u0119 fotografi\u0105 oraz filmowaniem od wielu lat. Niesamowite uj\u0119cia z drona, dba\u0142o\u015b\u0107 o ka\u017cdy detal w kadrze, p\u0142ynno\u015b\u0107 ruch\u00f3w kamery oraz pe\u0142ne po\u015bwi\u0119cenie temu, co robimy w danej chwili sprawi\u0142o, \u017ce gwarantujemy filmy i fotografie nieruchomo\u015bci z powietrza w najwy\u017cszej jako\u015bci.","breadcrumb":{"@id":"https:\/\/skyexplorer.pl\/test\/#breadcrumb"},"inLanguage":"en-US","potentialAction":[{"@type":"ReadAction","target":["https:\/\/skyexplorer.pl\/test\/"]}]},{"@type":"BreadcrumbList","@id":"https:\/\/skyexplorer.pl\/test\/#breadcrumb","itemListElement":[{"@type":"ListItem","position":1,"name":"Strona g\u0142\u00f3wna","item":"https:\/\/skyexplorer.pl\/"},{"@type":"ListItem","position":2,"name":"test"}]},{"@type":"WebSite","@id":"https:\/\/skyexplorer.pl\/#website","url":"https:\/\/skyexplorer.pl\/","name":"Profesjonalne Fotografia i wideo z drona","description":"Z lotu ptaka \u2013 profesjonalna fotografia i wideo z drona","potentialAction":[{"@type":"SearchAction","target":{"@type":"EntryPoint","urlTemplate":"https:\/\/skyexplorer.pl\/?s={search_term_string}"},"query-input":"required name=search_term_string"}],"inLanguage":"en-US"}]}},"_links":{"self":[{"href":"https:\/\/skyexplorer.pl\/en\/wp-json\/wp\/v2\/pages\/873"}],"collection":[{"href":"https:\/\/skyexplorer.pl\/en\/wp-json\/wp\/v2\/pages"}],"about":[{"href":"https:\/\/skyexplorer.pl\/en\/wp-json\/wp\/v2\/types\/page"}],"author":[{"embeddable":true,"href":"https:\/\/skyexplorer.pl\/en\/wp-json\/wp\/v2\/users\/1"}],"replies":[{"embeddable":true,"href":"https:\/\/skyexplorer.pl\/en\/wp-json\/wp\/v2\/comments?post=873"}],"version-history":[{"count":2,"href":"https:\/\/skyexplorer.pl\/en\/wp-json\/wp\/v2\/pages\/873\/revisions"}],"predecessor-version":[{"id":875,"href":"https:\/\/skyexplorer.pl\/en\/wp-json\/wp\/v2\/pages\/873\/revisions\/875"}],"wp:attachment":[{"href":"https:\/\/skyexplorer.pl\/en\/wp-json\/wp\/v2\/media?parent=873"}],"curies":[{"name":"wp","href":"https:\/\/api.w.org\/{rel}","templated":true}]}}