{"id":730,"date":"2022-10-12T07:29:05","date_gmt":"2022-10-12T07:29:05","guid":{"rendered":"https:\/\/skyexplorer.pl\/?page_id=730"},"modified":"2022-10-14T06:55:11","modified_gmt":"2022-10-14T06:55:11","slug":"przykladowa-panorama","status":"publish","type":"page","link":"https:\/\/skyexplorer.pl\/en\/przykladowa-panorama\/","title":{"rendered":"Przyk\u0142adowa panorama"},"content":{"rendered":"<div data-elementor-type=\"wp-page\" data-elementor-id=\"730\" class=\"elementor elementor-730\" data-elementor-post-type=\"page\">\n\t\t\t\t\t\t<section data-particle_enable=\"false\" data-particle-mobile-disabled=\"false\" class=\"elementor-section elementor-top-section elementor-element elementor-element-1fbdc0c elementor-section-full_width elementor-section-height-full elementor-section-height-default elementor-section-items-middle\" data-id=\"1fbdc0c\" data-element_type=\"section\">\n\t\t\t\t\t\t<div class=\"elementor-container elementor-column-gap-default\">\n\t\t\t\t\t<div class=\"elementor-column elementor-col-100 elementor-top-column elementor-element elementor-element-10cd0cb\" data-id=\"10cd0cb\" data-element_type=\"column\">\n\t\t\t<div class=\"elementor-widget-wrap elementor-element-populated\">\n\t\t\t\t\t\t<div class=\"elementor-element elementor-element-f7d1ed4 elementor-widget elementor-widget-html\" data-id=\"f7d1ed4\" data-element_type=\"widget\" data-widget_type=\"html.default\">\n\t\t\t\t<div class=\"elementor-widget-container\">\n\t\t\t<iframe width=\"100%\" height=\"640\" frameborder=\"0\" allow=\"xr-spatial-tracking; gyroscope; accelerometer\" allowfullscreen scrolling=\"no\" src=\"https:\/\/kuula.co\/share\/NnJKW?logo=1&info=1&fs=1&vr=0&sd=1&thumbs=1\"><\/iframe>\t\t<\/div>\n\t\t\t\t<\/div>\n\t\t\t\t\t<\/div>\n\t\t<\/div>\n\t\t\t\t\t<\/div>\n\t\t<\/section>\n\t\t\t\t<\/div>","protected":false},"excerpt":{"rendered":"","protected":false},"author":1,"featured_media":0,"parent":0,"menu_order":0,"comment_status":"closed","ping_status":"closed","template":"elementor_canvas","meta":{"inline_featured_image":false,"_monsterinsights_skip_tracking":false,"_monsterinsights_sitenote_active":false,"_monsterinsights_sitenote_note":"","_monsterinsights_sitenote_category":0,"footnotes":""},"class_list":["post-730","page","type-page","status-publish","hentry"],"yoast_head":"<!-- This site is optimized with the Yoast SEO plugin v23.3 - https:\/\/yoast.com\/wordpress\/plugins\/seo\/ -->\n<title>Przyk\u0142adowa panorama - Profesjonalne Fotografia i wideo z drona<\/title>\n<meta name=\"description\" content=\"Skyexplorer.pl tworzy zesp\u00f3\u0142 profesjonalist\u00f3w zajmuj\u0105cych si\u0119 fotografi\u0105 oraz filmowaniem od wielu lat. Niesamowite uj\u0119cia z drona, dba\u0142o\u015b\u0107 o ka\u017cdy detal w kadrze, p\u0142ynno\u015b\u0107 ruch\u00f3w kamery oraz pe\u0142ne po\u015bwi\u0119cenie temu, co robimy w danej chwili sprawi\u0142o, \u017ce gwarantujemy filmy i fotografie nieruchomo\u015bci z powietrza w najwy\u017cszej jako\u015bci.\" \/>\n<meta name=\"robots\" content=\"index, follow, max-snippet:-1, max-image-preview:large, max-video-preview:-1\" \/>\n<link rel=\"canonical\" href=\"https:\/\/skyexplorer.pl\/en\/przykladowa-panorama\/\" \/>\n<meta property=\"og:locale\" content=\"en_US\" \/>\n<meta property=\"og:type\" content=\"article\" \/>\n<meta property=\"og:title\" content=\"Przyk\u0142adowa panorama - Profesjonalne Fotografia i wideo z drona\" \/>\n<meta property=\"og:description\" content=\"Skyexplorer.pl tworzy zesp\u00f3\u0142 profesjonalist\u00f3w zajmuj\u0105cych si\u0119 fotografi\u0105 oraz filmowaniem od wielu lat. Niesamowite uj\u0119cia z drona, dba\u0142o\u015b\u0107 o ka\u017cdy detal w kadrze, p\u0142ynno\u015b\u0107 ruch\u00f3w kamery oraz pe\u0142ne po\u015bwi\u0119cenie temu, co robimy w danej chwili sprawi\u0142o, \u017ce gwarantujemy filmy i fotografie nieruchomo\u015bci z powietrza w najwy\u017cszej jako\u015bci.\" \/>\n<meta property=\"og:url\" content=\"https:\/\/skyexplorer.pl\/en\/przykladowa-panorama\/\" \/>\n<meta property=\"og:site_name\" content=\"Profesjonalne Fotografia i wideo z drona\" \/>\n<meta property=\"article:modified_time\" content=\"2022-10-14T06:55:11+00:00\" \/>\n<meta name=\"twitter:card\" content=\"summary_large_image\" \/>\n<script type=\"application\/ld+json\" class=\"yoast-schema-graph\">{\"@context\":\"https:\/\/schema.org\",\"@graph\":[{\"@type\":\"WebPage\",\"@id\":\"https:\/\/skyexplorer.pl\/przykladowa-panorama\/\",\"url\":\"https:\/\/skyexplorer.pl\/przykladowa-panorama\/\",\"name\":\"Przyk\u0142adowa panorama - Profesjonalne Fotografia i wideo z drona\",\"isPartOf\":{\"@id\":\"https:\/\/skyexplorer.pl\/#website\"},\"datePublished\":\"2022-10-12T07:29:05+00:00\",\"dateModified\":\"2022-10-14T06:55:11+00:00\",\"description\":\"Skyexplorer.pl tworzy zesp\u00f3\u0142 profesjonalist\u00f3w zajmuj\u0105cych si\u0119 fotografi\u0105 oraz filmowaniem od wielu lat. Niesamowite uj\u0119cia z drona, dba\u0142o\u015b\u0107 o ka\u017cdy detal w kadrze, p\u0142ynno\u015b\u0107 ruch\u00f3w kamery oraz pe\u0142ne po\u015bwi\u0119cenie temu, co robimy w danej chwili sprawi\u0142o, \u017ce gwarantujemy filmy i fotografie nieruchomo\u015bci z powietrza w najwy\u017cszej jako\u015bci.\",\"breadcrumb\":{\"@id\":\"https:\/\/skyexplorer.pl\/przykladowa-panorama\/#breadcrumb\"},\"inLanguage\":\"en-US\",\"potentialAction\":[{\"@type\":\"ReadAction\",\"target\":[\"https:\/\/skyexplorer.pl\/przykladowa-panorama\/\"]}]},{\"@type\":\"BreadcrumbList\",\"@id\":\"https:\/\/skyexplorer.pl\/przykladowa-panorama\/#breadcrumb\",\"itemListElement\":[{\"@type\":\"ListItem\",\"position\":1,\"name\":\"Strona g\u0142\u00f3wna\",\"item\":\"https:\/\/skyexplorer.pl\/\"},{\"@type\":\"ListItem\",\"position\":2,\"name\":\"Przyk\u0142adowa panorama\"}]},{\"@type\":\"WebSite\",\"@id\":\"https:\/\/skyexplorer.pl\/#website\",\"url\":\"https:\/\/skyexplorer.pl\/\",\"name\":\"Profesjonalne Fotografia i wideo z drona\",\"description\":\"Z lotu ptaka \u2013 profesjonalna fotografia i wideo z drona\",\"potentialAction\":[{\"@type\":\"SearchAction\",\"target\":{\"@type\":\"EntryPoint\",\"urlTemplate\":\"https:\/\/skyexplorer.pl\/?s={search_term_string}\"},\"query-input\":\"required name=search_term_string\"}],\"inLanguage\":\"en-US\"}]}<\/script>\n<!-- \/ Yoast SEO plugin. -->","yoast_head_json":{"title":"Przyk\u0142adowa panorama - Profesjonalne Fotografia i wideo z drona","description":"Skyexplorer.pl tworzy zesp\u00f3\u0142 profesjonalist\u00f3w zajmuj\u0105cych si\u0119 fotografi\u0105 oraz filmowaniem od wielu lat. Niesamowite uj\u0119cia z drona, dba\u0142o\u015b\u0107 o ka\u017cdy detal w kadrze, p\u0142ynno\u015b\u0107 ruch\u00f3w kamery oraz pe\u0142ne po\u015bwi\u0119cenie temu, co robimy w danej chwili sprawi\u0142o, \u017ce gwarantujemy filmy i fotografie nieruchomo\u015bci z powietrza w najwy\u017cszej jako\u015bci.","robots":{"index":"index","follow":"follow","max-snippet":"max-snippet:-1","max-image-preview":"max-image-preview:large","max-video-preview":"max-video-preview:-1"},"canonical":"https:\/\/skyexplorer.pl\/en\/przykladowa-panorama\/","og_locale":"en_US","og_type":"article","og_title":"Przyk\u0142adowa panorama - Profesjonalne Fotografia i wideo z drona","og_description":"Skyexplorer.pl tworzy zesp\u00f3\u0142 profesjonalist\u00f3w zajmuj\u0105cych si\u0119 fotografi\u0105 oraz filmowaniem od wielu lat. Niesamowite uj\u0119cia z drona, dba\u0142o\u015b\u0107 o ka\u017cdy detal w kadrze, p\u0142ynno\u015b\u0107 ruch\u00f3w kamery oraz pe\u0142ne po\u015bwi\u0119cenie temu, co robimy w danej chwili sprawi\u0142o, \u017ce gwarantujemy filmy i fotografie nieruchomo\u015bci z powietrza w najwy\u017cszej jako\u015bci.","og_url":"https:\/\/skyexplorer.pl\/en\/przykladowa-panorama\/","og_site_name":"Profesjonalne Fotografia i wideo z drona","article_modified_time":"2022-10-14T06:55:11+00:00","twitter_card":"summary_large_image","schema":{"@context":"https:\/\/schema.org","@graph":[{"@type":"WebPage","@id":"https:\/\/skyexplorer.pl\/przykladowa-panorama\/","url":"https:\/\/skyexplorer.pl\/przykladowa-panorama\/","name":"Przyk\u0142adowa panorama - Profesjonalne Fotografia i wideo z drona","isPartOf":{"@id":"https:\/\/skyexplorer.pl\/#website"},"datePublished":"2022-10-12T07:29:05+00:00","dateModified":"2022-10-14T06:55:11+00:00","description":"Skyexplorer.pl tworzy zesp\u00f3\u0142 profesjonalist\u00f3w zajmuj\u0105cych si\u0119 fotografi\u0105 oraz filmowaniem od wielu lat. Niesamowite uj\u0119cia z drona, dba\u0142o\u015b\u0107 o ka\u017cdy detal w kadrze, p\u0142ynno\u015b\u0107 ruch\u00f3w kamery oraz pe\u0142ne po\u015bwi\u0119cenie temu, co robimy w danej chwili sprawi\u0142o, \u017ce gwarantujemy filmy i fotografie nieruchomo\u015bci z powietrza w najwy\u017cszej jako\u015bci.","breadcrumb":{"@id":"https:\/\/skyexplorer.pl\/przykladowa-panorama\/#breadcrumb"},"inLanguage":"en-US","potentialAction":[{"@type":"ReadAction","target":["https:\/\/skyexplorer.pl\/przykladowa-panorama\/"]}]},{"@type":"BreadcrumbList","@id":"https:\/\/skyexplorer.pl\/przykladowa-panorama\/#breadcrumb","itemListElement":[{"@type":"ListItem","position":1,"name":"Strona g\u0142\u00f3wna","item":"https:\/\/skyexplorer.pl\/"},{"@type":"ListItem","position":2,"name":"Przyk\u0142adowa panorama"}]},{"@type":"WebSite","@id":"https:\/\/skyexplorer.pl\/#website","url":"https:\/\/skyexplorer.pl\/","name":"Profesjonalne Fotografia i wideo z drona","description":"Z lotu ptaka \u2013 profesjonalna fotografia i wideo z drona","potentialAction":[{"@type":"SearchAction","target":{"@type":"EntryPoint","urlTemplate":"https:\/\/skyexplorer.pl\/?s={search_term_string}"},"query-input":"required name=search_term_string"}],"inLanguage":"en-US"}]}},"_links":{"self":[{"href":"https:\/\/skyexplorer.pl\/en\/wp-json\/wp\/v2\/pages\/730"}],"collection":[{"href":"https:\/\/skyexplorer.pl\/en\/wp-json\/wp\/v2\/pages"}],"about":[{"href":"https:\/\/skyexplorer.pl\/en\/wp-json\/wp\/v2\/types\/page"}],"author":[{"embeddable":true,"href":"https:\/\/skyexplorer.pl\/en\/wp-json\/wp\/v2\/users\/1"}],"replies":[{"embeddable":true,"href":"https:\/\/skyexplorer.pl\/en\/wp-json\/wp\/v2\/comments?post=730"}],"version-history":[{"count":85,"href":"https:\/\/skyexplorer.pl\/en\/wp-json\/wp\/v2\/pages\/730\/revisions"}],"predecessor-version":[{"id":862,"href":"https:\/\/skyexplorer.pl\/en\/wp-json\/wp\/v2\/pages\/730\/revisions\/862"}],"wp:attachment":[{"href":"https:\/\/skyexplorer.pl\/en\/wp-json\/wp\/v2\/media?parent=730"}],"curies":[{"name":"wp","href":"https:\/\/api.w.org\/{rel}","templated":true}]}}